{"id":286,"date":"2015-03-13T10:24:24","date_gmt":"2015-03-13T10:24:24","guid":{"rendered":"https:\/\/sharc-md.org\/?page_id=286"},"modified":"2025-05-23T11:52:35","modified_gmt":"2025-05-23T11:52:35","slug":"how-to-cite","status":"publish","type":"page","link":"https:\/\/sharc-md.org\/?page_id=286","title":{"rendered":"How to cite"},"content":{"rendered":"\n<p>If you are using the SHARC code, please cite the following references.<br>For the SHARC4.0 package:<\/p>\n\n\n\n<ul class=\"wp-block-list\">\n<li>S. Mai, B. Bachmair, L. Gagliardi, H. G. Gallmetzer, L. Gr\u00fcnewald, M. R. Hennefarth, N. M. H\u00f8yer, F. A. Korsaye, S. Mausenberger, M. Oppel, T. Pite\u0161a, S. Polonius, E. Sangiogo Gil, Y. Shu, N. K. Singer, M. X. Tiefenbacher, D. G. Truhlar, D. V\u00f6r\u00f6s, L. Zhang, L. Gonz\u00e1lez<br><b>SHARC4.0: Surface Hopping Including Arbitrary Couplings \u2013 Program Package for Non-Adiabatic Dynamics<\/b>,<br>https:\/\/sharc-md.org\/ (2025). DOI: <a href=\"https:\/\/doi.org\/10.5281\/zenodo.15496427\">10.5281\/zenodo.15496427<\/a><\/li>\n<\/ul>\n\n\n\n<p>Please also do not forget to cite the reference, where the SHARC package is described:<\/p>\n\n\n\n<ul class=\"wp-block-list\">\n<li>S. Mai, P. Marquetand, L. Gonz\u00e1lez<br><b>Nonadiabatic Dynamics: The SHARC Approach<\/b><br><a href=\"http:\/\/dx.doi.org\/10.1002\/wcms.1370\" target=\"_blank\" rel=\"noopener noreferrer\">WIREs Comput. Mol. Sci., 8, e1370 (2018)<\/a>.<\/li>\n<\/ul>\n\n\n\n<p>Citations for specific methods can be found on page <a href=\"https:\/\/sharc-md.org\/?page_id=81\">Publications containing SHARC<\/a><\/p>\n\n\n\n<p>For your convenience, please find the references below in different formats.<\/p>\n\n\n\n<p><b>BibTex:<\/b><br>&nbsp;@MISC{SHARC4.0,<br>author = {Sebastian Mai and Brigitta Bachmair and Laura Gagliardi and Hans Georg Gallmetzer and Lorenz Gr\\&#8221;unewald and Matthew R. Hennefarth and Nicolai Machholdt H\\o{}yer and Feven A.\\ Korsaye and Sascha Mausenberger and Markus Oppel and Tomislav Pite\\v{s}a and Severin Polonius and Eduarda Sangiogo Gil and Yinan Shu and Nadja K. Singer and Maximilian X. Tiefenbacher and Donald G. Truhlar and D\\&#8217;ora V\\&#8221;or\\&#8221;os and Linyao Zhang and Leticia Gonz\\&#8217;alez},<br>howpublished = {https:\/\/sharc-md.org\/},<br>title = {{SHARC4.0}: Surface Hopping Including Arbitrary Couplings &#8212; Program Package for Non-Adiabatic Dynamics},<br>year = {2025},<br>doi = {10.5281\/zenodo.15496427},<br>}<\/p>\n\n\n\n<p>@Article{Mai2018WCMS,<br>Title = {Nonadiabatic Dynamics: The SHARC Approach},<br>Author = {Sebastian Mai and Philipp Marquetand and Leticia Gonz\\&#8217;alez},<br>Journal = {WIREs Comput. Mol. Sci.},<br>Year = {2018},<br>Volume = {8},<br>Pages = {e1370},<br>Doi = {10.1002\/wcms.1370},<br>Keywords = {ab initio molecular dynamics, excited states, nonadiabatic dynamics, surface hopping, SHARC},<br>Url = {http:\/\/dx.doi.org\/10.1002\/wcms.1370}<br>}<\/p>\n\n\n\n<p><b>RIS:<\/b><br>TY &#8211; GEN<br>TI &#8211; SHARC4.0: Surface Hopping Including Arbitrary Couplings &#8212; Program Package for Non-Adiabatic Dynamics<br>AU &#8211; Mai, Sebastian<br>AU &#8211; Bachmair, Brigitta<br>AU &#8211; Gagliardi, Laura<br>AU &#8211; Gallmetzer, Hans Georg<br>AU &#8211; Gr\u00fcnwald, Lorenz<br>AU &#8211; Hennefarth, Matthew R.<br>AU &#8211; H\u00f8yer, Nicolai Machholdt<br>AU &#8211; Korsaye, Feven A.<br>AU &#8211; Mausenberger, Sascha<br>AU &#8211; Oppel, Markus<br>AU &#8211; Pite\u0161a, Tomislav<br>AU &#8211; Polonius, Severin<br>AU &#8211; Sangiogo Gil, Eduarda<br>AU &#8211; Shu, Yinan<br>AU &#8211; Singer, Nadja K.<br>AU &#8211; Tiefenbacher, Maximilian X.<br>AU &#8211; Truhlar, Donald G.<br>AU &#8211; V\u00f6r\u00f6s, D\u00f3ra<br>AU &#8211; Zhang, Linyao<br>AU &#8211; Gonz\u00e1lez, Leticia<br>PY &#8211; 2025<br>UR &#8211; https:\/\/sharc-md.org\/<br>DO &#8211; 10.5281\/zenodo.15496427<br>ER &#8211;<\/p>\n\n\n\n<p>TY &#8211; JOUR<br>AU &#8211; Mai, Sebastian<br>AU &#8211; Marquetand, Philipp<br>AU &#8211; Gonz\u00e1lez, Leticia<br>T1 &#8211; Nonadiabatic Dynamics: The SHARC Approach<br>JO &#8211; WIREs Comput. Mol. Sci.<br>Y1 &#8211; 2018<br>VL &#8211; 8<br>SP &#8211; e1370<br>EP &#8211;<br>UR &#8211; http:\/\/dx.doi.org\/10.1002\/wcms.1370<br>M3 &#8211; 10.1002\/wcms.1370<br>KW &#8211; ab initio molecular dynamics<br>KW &#8211; excited states<br>KW &#8211; surface hopping<br>KW &#8211; nonadiabatic dynamics<br>KW &#8211; SHARC<\/p>\n","protected":false},"excerpt":{"rendered":"<p>If you are using the SHARC code, please cite the following references.For the SHARC4.0 package: Please also do not forget to cite the reference, where the SHARC package is described: Citations for specific methods can be found on page Publications containing SHARC For your convenience, please find the references below in different formats. BibTex:&nbsp;@MISC{SHARC4.0,author = [&hellip;]<\/p>\n","protected":false},"author":3,"featured_media":0,"parent":0,"menu_order":0,"comment_status":"closed","ping_status":"closed","template":"","meta":{"footnotes":""},"class_list":["post-286","page","type-page","status-publish","hentry","wpautop"],"_links":{"self":[{"href":"https:\/\/sharc-md.org\/index.php?rest_route=\/wp\/v2\/pages\/286","targetHints":{"allow":["GET"]}}],"collection":[{"href":"https:\/\/sharc-md.org\/index.php?rest_route=\/wp\/v2\/pages"}],"about":[{"href":"https:\/\/sharc-md.org\/index.php?rest_route=\/wp\/v2\/types\/page"}],"author":[{"embeddable":true,"href":"https:\/\/sharc-md.org\/index.php?rest_route=\/wp\/v2\/users\/3"}],"replies":[{"embeddable":true,"href":"https:\/\/sharc-md.org\/index.php?rest_route=%2Fwp%2Fv2%2Fcomments&post=286"}],"version-history":[{"count":21,"href":"https:\/\/sharc-md.org\/index.php?rest_route=\/wp\/v2\/pages\/286\/revisions"}],"predecessor-version":[{"id":1498,"href":"https:\/\/sharc-md.org\/index.php?rest_route=\/wp\/v2\/pages\/286\/revisions\/1498"}],"wp:attachment":[{"href":"https:\/\/sharc-md.org\/index.php?rest_route=%2Fwp%2Fv2%2Fmedia&parent=286"}],"curies":[{"name":"wp","href":"https:\/\/api.w.org\/{rel}","templated":true}]}}