{"id":106,"date":"2014-10-18T15:05:25","date_gmt":"2014-10-18T15:05:25","guid":{"rendered":"https:\/\/sharc-md.org\/?page_id=106"},"modified":"2025-05-23T07:08:27","modified_gmt":"2025-05-23T07:08:27","slug":"development-team","status":"publish","type":"page","link":"https:\/\/sharc-md.org\/?page_id=106","title":{"rendered":"Development team"},"content":{"rendered":"<p><span style=\"font-size: revert;\">The SHARC suite has been developed by (listed alphabetically):<\/span><\/p>\n<ul>\n<li>Andrew Atkins,<\/li>\n<li>Davide Avagliano,<\/li>\n<li>Brigitta Bachmair,<\/li>\n<li>Laura Gagliardi,<\/li>\n<li>Hans Georg Gallmetzer,<\/li>\n<li>Sandra G\u00f3mez,<\/li>\n<li>Leticia Gonz\u00e1lez,<\/li>\n<li>Jes\u00fas Gonz\u00e1lez-V\u00e1zquez,<\/li>\n<li>Moritz Heindl,<\/li>\n<li>Matthew R. Hennefarth,<\/li>\n<li>Nicolai Machholdt H\u00f8yer,<\/li>\n<li>Lea M. Ibele,<\/li>\n<li>Feven A. Korsaye,<\/li>\n<li>Simon Kropf,<\/li>\n<li>Sebastian Mai,<\/li>\n<li>Philipp Marquetand,<\/li>\n<li>Sascha Mausenberger,<\/li>\n<li>Maximilian F. S. J. Menger,<\/li>\n<li>Markus Oppel,<\/li>\n<li>Tomislav Pite\u0161a,<\/li>\n<li>Felix Plasser,<\/li>\n<li>Severin Polonius,<\/li>\n<li>Martin Richter,<\/li>\n<li>Matthias Ruckenbauer,<\/li>\n<li>Eduarda Sangiogo Gil,<\/li>\n<li>Yinan Shu,<\/li>\n<li>Nadja K. Singer,<\/li>\n<li>Ignacio Sol\u00e1,<\/li>\n<li>Maximilian X. Tiefenbacher,<\/li>\n<li>Donald G. Truhlar,<\/li>\n<li>D\u00f3ra V\u00f6r\u00f6s,<\/li>\n<li>Linyao Zhang, and<\/li>\n<li>Patrick Zobel.<\/li>\n<\/ul>\n","protected":false},"excerpt":{"rendered":"<p>The SHARC suite has been developed by (listed alphabetically): Andrew Atkins, Davide Avagliano, Brigitta Bachmair, Laura Gagliardi, Hans Georg Gallmetzer, Sandra G\u00f3mez, Leticia Gonz\u00e1lez, Jes\u00fas Gonz\u00e1lez-V\u00e1zquez, Moritz Heindl, Matthew R. Hennefarth, Nicolai Machholdt H\u00f8yer, Lea M. Ibele, Feven A. Korsaye, Simon Kropf, Sebastian Mai, Philipp Marquetand, Sascha Mausenberger, Maximilian F. S. J. Menger, Markus Oppel, [&hellip;]<\/p>\n","protected":false},"author":3,"featured_media":0,"parent":0,"menu_order":0,"comment_status":"closed","ping_status":"closed","template":"","meta":{"footnotes":""},"class_list":["post-106","page","type-page","status-publish","hentry","wpautop"],"_links":{"self":[{"href":"https:\/\/sharc-md.org\/index.php?rest_route=\/wp\/v2\/pages\/106","targetHints":{"allow":["GET"]}}],"collection":[{"href":"https:\/\/sharc-md.org\/index.php?rest_route=\/wp\/v2\/pages"}],"about":[{"href":"https:\/\/sharc-md.org\/index.php?rest_route=\/wp\/v2\/types\/page"}],"author":[{"embeddable":true,"href":"https:\/\/sharc-md.org\/index.php?rest_route=\/wp\/v2\/users\/3"}],"replies":[{"embeddable":true,"href":"https:\/\/sharc-md.org\/index.php?rest_route=%2Fwp%2Fv2%2Fcomments&post=106"}],"version-history":[{"count":8,"href":"https:\/\/sharc-md.org\/index.php?rest_route=\/wp\/v2\/pages\/106\/revisions"}],"predecessor-version":[{"id":1478,"href":"https:\/\/sharc-md.org\/index.php?rest_route=\/wp\/v2\/pages\/106\/revisions\/1478"}],"wp:attachment":[{"href":"https:\/\/sharc-md.org\/index.php?rest_route=%2Fwp%2Fv2%2Fmedia&parent=106"}],"curies":[{"name":"wp","href":"https:\/\/api.w.org\/{rel}","templated":true}]}}